{"id":189,"date":"2025-05-08T08:56:45","date_gmt":"2025-05-08T08:56:45","guid":{"rendered":"https:\/\/sigeco-sarl.ch\/wp\/fr\/?page_id=189"},"modified":"2025-05-08T09:14:35","modified_gmt":"2025-05-08T09:14:35","slug":"equipement-de-ferme","status":"publish","type":"page","link":"https:\/\/www.sigeco-sarl.ch\/wp\/en\/equipement-de-ferme\/","title":{"rendered":"\u00c9quipement de ferme"},"content":{"rendered":"\n<p><em>Voici une liste non exhaustive:<\/em><br><br><em>&#8211; Silos en tout genre<\/em><br><em>&#8211; Vis pour acheminement (rigides et souples)<\/em><br><em>&#8211; Syst\u00e8mes de brumisation<\/em><br><em>&#8211; Paillage automatique<\/em><br><em>&#8211; etc.<\/em><br><em><br>Le tout sur demande et suite \u00e9tude de votre projet.<\/em><br><br><em>(page r\u00e9cente et en cours de d\u00e9veloppement)<\/em><br><\/p>\n","protected":false},"excerpt":{"rendered":"<p>Voici une liste non exhaustive: &#8211; Silos en tout genre&#8211; Vis pour acheminement (rigides et souples)&#8211; Syst\u00e8mes de brumisation&#8211; Paillage automatique&#8211; etc.Le tout sur demande et suite \u00e9tude de votre projet. (page r\u00e9cente et en cours de d\u00e9veloppement)<\/p>\n","protected":false},"author":1,"featured_media":0,"parent":0,"menu_order":0,"comment_status":"closed","ping_status":"closed","template":"template-fullwidth.php","meta":{"om_disable_all_campaigns":false,"_monsterinsights_skip_tracking":false,"_monsterinsights_sitenote_active":false,"_monsterinsights_sitenote_note":"","_monsterinsights_sitenote_category":0,"footnotes":""},"class_list":["post-189","page","type-page","status-publish","hentry"],"aioseo_notices":[],"_links":{"self":[{"href":"https:\/\/www.sigeco-sarl.ch\/wp\/en\/wp-json\/wp\/v2\/pages\/189","targetHints":{"allow":["GET"]}}],"collection":[{"href":"https:\/\/www.sigeco-sarl.ch\/wp\/en\/wp-json\/wp\/v2\/pages"}],"about":[{"href":"https:\/\/www.sigeco-sarl.ch\/wp\/en\/wp-json\/wp\/v2\/types\/page"}],"author":[{"embeddable":true,"href":"https:\/\/www.sigeco-sarl.ch\/wp\/en\/wp-json\/wp\/v2\/users\/1"}],"replies":[{"embeddable":true,"href":"https:\/\/www.sigeco-sarl.ch\/wp\/en\/wp-json\/wp\/v2\/comments?post=189"}],"version-history":[{"count":2,"href":"https:\/\/www.sigeco-sarl.ch\/wp\/en\/wp-json\/wp\/v2\/pages\/189\/revisions"}],"predecessor-version":[{"id":194,"href":"https:\/\/www.sigeco-sarl.ch\/wp\/en\/wp-json\/wp\/v2\/pages\/189\/revisions\/194"}],"wp:attachment":[{"href":"https:\/\/www.sigeco-sarl.ch\/wp\/en\/wp-json\/wp\/v2\/media?parent=189"}],"curies":[{"name":"wp","href":"https:\/\/api.w.org\/{rel}","templated":true}]}}